{"id":18,"date":"2024-02-14T16:37:56","date_gmt":"2024-02-14T15:37:56","guid":{"rendered":"https:\/\/cuentoslunares.com\/?page_id=18"},"modified":"2024-02-18T13:18:55","modified_gmt":"2024-02-18T12:18:55","slug":"libros","status":"publish","type":"page","link":"https:\/\/cuentoslunares.com\/index.php\/libros\/","title":{"rendered":"Libros"},"content":{"rendered":"\t\t<div data-elementor-type=\"wp-page\" data-elementor-id=\"18\" class=\"elementor elementor-18\">\n\t\t\t\t<div class=\"elementor-element elementor-element-f36a853 e-con-full e-flex e-con e-parent\" data-id=\"f36a853\" data-element_type=\"container\" data-settings=\"{&quot;content_width&quot;:&quot;full&quot;}\" data-core-v316-plus=\"true\">\n\t\t<div class=\"elementor-element elementor-element-fcc62a9 e-con-full e-flex e-con e-child\" data-id=\"fcc62a9\" data-element_type=\"container\" data-settings=\"{&quot;content_width&quot;:&quot;full&quot;}\">\n\t\t\t\t<div class=\"elementor-element elementor-element-95363f7 elementor-widget elementor-widget-image\" data-id=\"95363f7\" data-element_type=\"widget\" data-widget_type=\"image.default\">\n\t\t\t\t<div class=\"elementor-widget-container\">\n\t\t\t<style>\/*! elementor - v3.19.0 - 07-02-2024 *\/\n.elementor-widget-image{text-align:center}.elementor-widget-image a{display:inline-block}.elementor-widget-image a img[src$=\".svg\"]{width:48px}.elementor-widget-image img{vertical-align:middle;display:inline-block}<\/style>\t\t\t\t\t\t\t\t\t\t<img fetchpriority=\"high\" decoding=\"async\" width=\"674\" height=\"1024\" src=\"https:\/\/cuentoslunares.com\/wp-content\/uploads\/2024\/02\/Portada-web-674x1024.png\" class=\"attachment-large size-large wp-image-58\" alt=\"\" srcset=\"https:\/\/cuentoslunares.com\/wp-content\/uploads\/2024\/02\/Portada-web-674x1024.png 674w, https:\/\/cuentoslunares.com\/wp-content\/uploads\/2024\/02\/Portada-web-197x300.png 197w, https:\/\/cuentoslunares.com\/wp-content\/uploads\/2024\/02\/Portada-web-768x1167.png 768w, https:\/\/cuentoslunares.com\/wp-content\/uploads\/2024\/02\/Portada-web-1011x1536.png 1011w, https:\/\/cuentoslunares.com\/wp-content\/uploads\/2024\/02\/Portada-web-1348x2048.png 1348w, https:\/\/cuentoslunares.com\/wp-content\/uploads\/2024\/02\/Portada-web-300x456.png 300w, https:\/\/cuentoslunares.com\/wp-content\/uploads\/2024\/02\/Portada-web-850x1292.png 850w\" sizes=\"(max-width: 674px) 100vw, 674px\" \/>\t\t\t\t\t\t\t\t\t\t\t\t\t<\/div>\n\t\t\t\t<\/div>\n\t\t\t\t<\/div>\n\t\t\t\t<div class=\"elementor-element elementor-element-1bc02b4 elementor-widget elementor-widget-text-editor\" data-id=\"1bc02b4\" data-element_type=\"widget\" data-widget_type=\"text-editor.default\">\n\t\t\t\t<div class=\"elementor-widget-container\">\n\t\t\t<style>\/*! elementor - v3.19.0 - 07-02-2024 *\/\n.elementor-widget-text-editor.elementor-drop-cap-view-stacked .elementor-drop-cap{background-color:#69727d;color:#fff}.elementor-widget-text-editor.elementor-drop-cap-view-framed .elementor-drop-cap{color:#69727d;border:3px solid;background-color:transparent}.elementor-widget-text-editor:not(.elementor-drop-cap-view-default) .elementor-drop-cap{margin-top:8px}.elementor-widget-text-editor:not(.elementor-drop-cap-view-default) .elementor-drop-cap-letter{width:1em;height:1em}.elementor-widget-text-editor .elementor-drop-cap{float:left;text-align:center;line-height:1;font-size:50px}.elementor-widget-text-editor .elementor-drop-cap-letter{display:inline-block}<\/style>\t\t\t\t<p>Selfis, un joven semielfo de diecis\u00e9is a\u00f1os, se\u00f1alado siempre por ser diferente, lleva una vida m\u00e1s bien solitaria en el peque\u00f1o pueblo de Kern, junto a su padre y su inestimable amiga Lua, una extra\u00f1a ave que lo acompa\u00f1a desde que tiene memoria. Hasta que una noche en la que se ve envuelto en un terrible accidente, obligar\u00e1 al joven semielfo a marcharse de la aldea sin mirar atr\u00e1s, embarc\u00e1ndolo en un viaje trepidante hasta Arcadia, la academia por excelencia donde se forman los mejores forestales, aprender\u00e1 a dominar la magia y a controlar a criaturas fant\u00e1sticas de otro plano, llamadas Hollows.<\/p>\n<p>Conocer\u00e1 la amistad pero tambi\u00e9n la crueldad e injusticia por la que se rige la sociedad elfica, poco a poco el joven semielfo comprender\u00e1 quien es realmente y por qu\u00e9 siempre ha tenido la sensaci\u00f3n de no encajar en ning\u00fan sitio.<\/p>\t\t\t\t\t\t<\/div>\n\t\t\t\t<\/div>\n\t\t\t\t<\/div>\n\t\t<div class=\"elementor-element elementor-element-4aa2f65 e-flex e-con-boxed e-con e-parent\" data-id=\"4aa2f65\" data-element_type=\"container\" data-settings=\"{&quot;content_width&quot;:&quot;boxed&quot;}\" data-core-v316-plus=\"true\">\n\t\t\t\t\t<div class=\"e-con-inner\">\n\t\t\t\t<div class=\"elementor-element elementor-element-b6de4ec elementor-widget elementor-widget-image\" data-id=\"b6de4ec\" data-element_type=\"widget\" data-widget_type=\"image.default\">\n\t\t\t\t<div class=\"elementor-widget-container\">\n\t\t\t\t\t\t\t\t\t\t\t\t\t<img decoding=\"async\" width=\"1024\" height=\"180\" src=\"https:\/\/cuentoslunares.com\/wp-content\/uploads\/2024\/02\/Disponible-en-1024x180.png\" class=\"attachment-large size-large wp-image-62\" alt=\"\" srcset=\"https:\/\/cuentoslunares.com\/wp-content\/uploads\/2024\/02\/Disponible-en-1024x180.png 1024w, https:\/\/cuentoslunares.com\/wp-content\/uploads\/2024\/02\/Disponible-en-300x53.png 300w, https:\/\/cuentoslunares.com\/wp-content\/uploads\/2024\/02\/Disponible-en-768x135.png 768w, https:\/\/cuentoslunares.com\/wp-content\/uploads\/2024\/02\/Disponible-en-1536x270.png 1536w, https:\/\/cuentoslunares.com\/wp-content\/uploads\/2024\/02\/Disponible-en-850x149.png 850w, https:\/\/cuentoslunares.com\/wp-content\/uploads\/2024\/02\/Disponible-en.png 1993w\" sizes=\"(max-width: 1024px) 100vw, 1024px\" \/>\t\t\t\t\t\t\t\t\t\t\t\t\t<\/div>\n\t\t\t\t<\/div>\n\t\t\t\t<div class=\"elementor-element elementor-element-1c04426 elementor-widget elementor-widget-image\" data-id=\"1c04426\" data-element_type=\"widget\" data-widget_type=\"image.default\">\n\t\t\t\t<div class=\"elementor-widget-container\">\n\t\t\t\t\t\t\t\t\t\t\t\t\t\t<a href=\"https:\/\/www.amazon.es\/dp\/B0CK53QBP2\" target=\"_blank\">\n\t\t\t\t\t\t\t<img decoding=\"async\" width=\"988\" height=\"266\" src=\"https:\/\/cuentoslunares.com\/wp-content\/uploads\/2024\/02\/kdp.png\" class=\"attachment-large size-large wp-image-63\" alt=\"\" srcset=\"https:\/\/cuentoslunares.com\/wp-content\/uploads\/2024\/02\/kdp.png 988w, https:\/\/cuentoslunares.com\/wp-content\/uploads\/2024\/02\/kdp-300x81.png 300w, https:\/\/cuentoslunares.com\/wp-content\/uploads\/2024\/02\/kdp-768x207.png 768w, https:\/\/cuentoslunares.com\/wp-content\/uploads\/2024\/02\/kdp-850x229.png 850w\" sizes=\"(max-width: 988px) 100vw, 988px\" \/>\t\t\t\t\t\t\t\t<\/a>\n\t\t\t\t\t\t\t\t\t\t\t\t\t<\/div>\n\t\t\t\t<\/div>\n\t\t\t\t\t<\/div>\n\t\t\t\t<\/div>\n\t\t<div class=\"elementor-element elementor-element-e975587 e-flex e-con-boxed e-con e-parent\" data-id=\"e975587\" data-element_type=\"container\" data-settings=\"{&quot;content_width&quot;:&quot;boxed&quot;}\" data-core-v316-plus=\"true\">\n\t\t\t\t\t<div class=\"e-con-inner\">\n\t\t<div class=\"elementor-element elementor-element-3670f5f e-con-full e-flex e-con e-child\" data-id=\"3670f5f\" data-element_type=\"container\" data-settings=\"{&quot;content_width&quot;:&quot;full&quot;}\">\n\t\t\t\t<div class=\"elementor-element elementor-element-1f1166f elementor-widget elementor-widget-spacer\" data-id=\"1f1166f\" data-element_type=\"widget\" data-widget_type=\"spacer.default\">\n\t\t\t\t<div class=\"elementor-widget-container\">\n\t\t\t<style>\/*! elementor - v3.19.0 - 07-02-2024 *\/\n.elementor-column .elementor-spacer-inner{height:var(--spacer-size)}.e-con{--container-widget-width:100%}.e-con-inner>.elementor-widget-spacer,.e-con>.elementor-widget-spacer{width:var(--container-widget-width,var(--spacer-size));--align-self:var(--container-widget-align-self,initial);--flex-shrink:0}.e-con-inner>.elementor-widget-spacer>.elementor-widget-container,.e-con>.elementor-widget-spacer>.elementor-widget-container{height:100%;width:100%}.e-con-inner>.elementor-widget-spacer>.elementor-widget-container>.elementor-spacer,.e-con>.elementor-widget-spacer>.elementor-widget-container>.elementor-spacer{height:100%}.e-con-inner>.elementor-widget-spacer>.elementor-widget-container>.elementor-spacer>.elementor-spacer-inner,.e-con>.elementor-widget-spacer>.elementor-widget-container>.elementor-spacer>.elementor-spacer-inner{height:var(--container-widget-height,var(--spacer-size))}.e-con-inner>.elementor-widget-spacer.elementor-widget-empty,.e-con>.elementor-widget-spacer.elementor-widget-empty{position:relative;min-height:22px;min-width:22px}.e-con-inner>.elementor-widget-spacer.elementor-widget-empty .elementor-widget-empty-icon,.e-con>.elementor-widget-spacer.elementor-widget-empty .elementor-widget-empty-icon{position:absolute;top:0;bottom:0;left:0;right:0;margin:auto;padding:0;width:22px;height:22px}<\/style>\t\t<div class=\"elementor-spacer\">\n\t\t\t<div class=\"elementor-spacer-inner\"><\/div>\n\t\t<\/div>\n\t\t\t\t<\/div>\n\t\t\t\t<\/div>\n\t\t\t\t<div class=\"elementor-element elementor-element-46ccb94 elementor-widget elementor-widget-image\" data-id=\"46ccb94\" data-element_type=\"widget\" data-widget_type=\"image.default\">\n\t\t\t\t<div class=\"elementor-widget-container\">\n\t\t\t\t\t\t\t\t\t\t\t\t\t<img loading=\"lazy\" decoding=\"async\" width=\"1024\" height=\"227\" src=\"https:\/\/cuentoslunares.com\/wp-content\/uploads\/2024\/02\/proximamente-1024x227.png\" class=\"attachment-large size-large wp-image-92\" alt=\"\" srcset=\"https:\/\/cuentoslunares.com\/wp-content\/uploads\/2024\/02\/proximamente-1024x227.png 1024w, https:\/\/cuentoslunares.com\/wp-content\/uploads\/2024\/02\/proximamente-300x67.png 300w, https:\/\/cuentoslunares.com\/wp-content\/uploads\/2024\/02\/proximamente-768x170.png 768w, https:\/\/cuentoslunares.com\/wp-content\/uploads\/2024\/02\/proximamente-1536x341.png 1536w, https:\/\/cuentoslunares.com\/wp-content\/uploads\/2024\/02\/proximamente-850x189.png 850w, https:\/\/cuentoslunares.com\/wp-content\/uploads\/2024\/02\/proximamente.png 1546w\" sizes=\"(max-width: 1024px) 100vw, 1024px\" \/>\t\t\t\t\t\t\t\t\t\t\t\t\t<\/div>\n\t\t\t\t<\/div>\n\t\t\t\t<\/div>\n\t\t<div class=\"elementor-element elementor-element-845bed8 e-con-full e-flex e-con e-child\" data-id=\"845bed8\" data-element_type=\"container\" data-settings=\"{&quot;content_width&quot;:&quot;full&quot;}\">\n\t\t\t\t<div class=\"elementor-element elementor-element-97f1969 elementor-widget elementor-widget-image\" data-id=\"97f1969\" data-element_type=\"widget\" data-widget_type=\"image.default\">\n\t\t\t\t<div class=\"elementor-widget-container\">\n\t\t\t\t\t\t\t\t\t\t\t\t\t<img loading=\"lazy\" decoding=\"async\" width=\"688\" height=\"1024\" src=\"https:\/\/cuentoslunares.com\/wp-content\/uploads\/2024\/02\/2-688x1024.png\" class=\"attachment-large size-large wp-image-91\" alt=\"\" srcset=\"https:\/\/cuentoslunares.com\/wp-content\/uploads\/2024\/02\/2-688x1024.png 688w, https:\/\/cuentoslunares.com\/wp-content\/uploads\/2024\/02\/2-202x300.png 202w, https:\/\/cuentoslunares.com\/wp-content\/uploads\/2024\/02\/2-768x1143.png 768w, https:\/\/cuentoslunares.com\/wp-content\/uploads\/2024\/02\/2-1032x1536.png 1032w, https:\/\/cuentoslunares.com\/wp-content\/uploads\/2024\/02\/2-1376x2048.png 1376w, https:\/\/cuentoslunares.com\/wp-content\/uploads\/2024\/02\/2-300x447.png 300w, https:\/\/cuentoslunares.com\/wp-content\/uploads\/2024\/02\/2-850x1265.png 850w\" sizes=\"(max-width: 688px) 100vw, 688px\" \/>\t\t\t\t\t\t\t\t\t\t\t\t\t<\/div>\n\t\t\t\t<\/div>\n\t\t\t\t<\/div>\n\t\t\t\t\t<\/div>\n\t\t\t\t<\/div>\n\t\t<div class=\"elementor-element elementor-element-a2cb91e e-flex e-con-boxed e-con e-parent\" data-id=\"a2cb91e\" data-element_type=\"container\" data-settings=\"{&quot;content_width&quot;:&quot;boxed&quot;}\" data-core-v316-plus=\"true\">\n\t\t\t\t\t<div class=\"e-con-inner\">\n\t\t\t\t\t<\/div>\n\t\t\t\t<\/div>\n\t\t\t\t<\/div>\n\t\t","protected":false},"excerpt":{"rendered":"<p>Selfis, un joven semielfo de diecis\u00e9is a\u00f1os, se\u00f1alado siempre por ser diferente, lleva una vida m\u00e1s bien solitaria en el peque\u00f1o pueblo de Kern, junto a su padre y su inestimable amiga Lua, una extra\u00f1a ave que lo acompa\u00f1a desde que tiene memoria. Hasta que una noche en la que se ve envuelto en un [&hellip;]<\/p>\n","protected":false},"author":1,"featured_media":0,"parent":0,"menu_order":1,"comment_status":"closed","ping_status":"closed","template":"","meta":{"footnotes":""},"_links":{"self":[{"href":"https:\/\/cuentoslunares.com\/index.php\/wp-json\/wp\/v2\/pages\/18"}],"collection":[{"href":"https:\/\/cuentoslunares.com\/index.php\/wp-json\/wp\/v2\/pages"}],"about":[{"href":"https:\/\/cuentoslunares.com\/index.php\/wp-json\/wp\/v2\/types\/page"}],"author":[{"embeddable":true,"href":"https:\/\/cuentoslunares.com\/index.php\/wp-json\/wp\/v2\/users\/1"}],"replies":[{"embeddable":true,"href":"https:\/\/cuentoslunares.com\/index.php\/wp-json\/wp\/v2\/comments?post=18"}],"version-history":[{"count":20,"href":"https:\/\/cuentoslunares.com\/index.php\/wp-json\/wp\/v2\/pages\/18\/revisions"}],"predecessor-version":[{"id":112,"href":"https:\/\/cuentoslunares.com\/index.php\/wp-json\/wp\/v2\/pages\/18\/revisions\/112"}],"wp:attachment":[{"href":"https:\/\/cuentoslunares.com\/index.php\/wp-json\/wp\/v2\/media?parent=18"}],"curies":[{"name":"wp","href":"https:\/\/api.w.org\/{rel}","templated":true}]}}